{"id":40,"date":"2021-11-10T23:06:03","date_gmt":"2021-11-10T23:06:03","guid":{"rendered":"https:\/\/themenectar.com\/salient\/resort\/?page_id=40"},"modified":"2025-08-25T15:53:38","modified_gmt":"2025-08-25T13:53:38","slug":"colectivo","status":"publish","type":"page","link":"https:\/\/colectivoamericana.com\/en\/colectivo\/","title":{"rendered":"Collective"},"content":{"rendered":"<div id=\"fws_6a04c45dc8d4b\"  data-column-margin=\"default\" data-midnight=\"dark\" data-bottom-percent=\"3%\"  class=\"wpb_row vc_row-fluid vc_row full-width-content vc_row-o-equal-height vc_row-flex vc_row-o-content-top  nectar-overflow-hidden top_padding_tablet_25pct top_padding_phone_35pct\"  style=\"padding-top: 175px; padding-bottom: calc(100vw * 0.03); \"><div class=\"row-bg-wrap\" data-bg-animation=\"none\" data-bg-animation-delay=\"\" data-bg-overlay=\"false\"><div class=\"inner-wrap row-bg-layer\" ><div class=\"row-bg viewport-desktop\"  style=\"\"><\/div><\/div><\/div><div class=\"row_col_wrap_12 col span_12 dark left\">\n\t<div  class=\"vc_col-sm-12 wpb_column column_container vc_column_container col no-extra-padding el_spacing_0px inherit_tablet inherit_phone\"  data-padding-pos=\"top-bottom\" data-has-bg-color=\"false\" data-bg-color=\"\" data-bg-opacity=\"1\" data-animation=\"\" data-delay=\"0\" >\n\t\t<div class=\"vc_column-inner\" >\n\t\t\t<div class=\"wpb_wrapper\">\n\t\t\t\t<div id=\"fws_6a04c45dc94fe\" data-midnight=\"\" data-column-margin=\"none\" class=\"wpb_row vc_row-fluid vc_row inner_row  right_padding_8pct left_padding_8pct\"  style=\" z-index: 200;\"><div class=\"row-bg-wrap\"> <div class=\"row-bg\" ><\/div> <\/div><div class=\"row_col_wrap_12_inner col span_12  left\">\n\t<div  class=\"vc_col-sm-12 wpb_column column_container vc_column_container col child_column no-extra-padding el_spacing_0px inherit_tablet inherit_phone\"   data-padding-pos=\"all\" data-has-bg-color=\"false\" data-bg-color=\"\" data-bg-opacity=\"1\" data-animation=\"\" data-delay=\"0\" >\n\t\t<div class=\"vc_column-inner\" >\n\t\t<div class=\"wpb_wrapper\">\n\t\t\t<div class=\"nectar-split-heading  font_size_13vw font_size_tablet_13vw font_line_height_0-8\" data-align=\"center\" data-m-align=\"inherit\" data-text-effect=\"letter-reveal-bottom\" data-animation-type=\"line-reveal-by-space\" data-animation-delay=\"0\" data-animation-offset=\"\" data-m-rm-animation=\"true\" data-stagger=\"\" data-custom-font-size=\"true\" style=\"font-size: 13vw; line-height: 14.3vw;\"><h1 style=\" color: #0a0909;\">Collective<\/h1><\/div>\n\t\t<\/div> \n\t<\/div>\n\t<\/div> \n<\/div><\/div>\n\t\t\t<\/div> \n\t\t<\/div>\n\t<\/div> \n<\/div><\/div>\n\t\t<div id=\"fws_6a04c45dc9f36\"  data-column-margin=\"default\" data-midnight=\"dark\"  class=\"wpb_row vc_row-fluid vc_row\"  style=\"padding-top: 0px; padding-bottom: 0px; \"><div class=\"row-bg-wrap\" data-bg-animation=\"none\" data-bg-animation-delay=\"\" data-bg-overlay=\"false\"><div class=\"inner-wrap row-bg-layer\" ><div class=\"row-bg viewport-desktop\"  style=\"\"><\/div><\/div><\/div><div class=\"row_col_wrap_12 col span_12 dark left\">\n\t<div  class=\"vc_col-sm-12 wpb_column column_container vc_column_container col no-extra-padding right_margin_10pct left_margin_10pct inherit_tablet inherit_phone\"  data-padding-pos=\"all\" data-has-bg-color=\"false\" data-bg-color=\"\" data-bg-opacity=\"1\" data-animation=\"\" data-delay=\"0\" >\n\t\t<div class=\"vc_column-inner\" >\n\t\t\t<div class=\"wpb_wrapper\">\n\t\t\t\t\n<div class=\"wpb_text_column wpb_content_element\" >\n\t<div class=\"wpb_wrapper\">\n\t\t<p style=\"text-align: center;\" data-start=\"218\" data-end=\"574\">Our community is made up of the members who gave life to Colectivo Americana and continue to shape it every day. A network of artists, creatives, promoters, and thinkers who co-create, drive, and sustain this movement from within.<\/p>\n<p style=\"text-align: center;\" data-start=\"218\" data-end=\"574\">They are not the audience: <strong data-start=\"494\" data-end=\"519\">they are the heart.<\/strong>.<\/p>\n<p style=\"text-align: center;\" data-start=\"218\" data-end=\"574\">The collective is born, grows, and transforms with them.<\/p>\n\t<\/div>\n<\/div>\n\n\n\n\n\t\t\t<\/div> \n\t\t<\/div>\n\t<\/div> \n<\/div><\/div>\n\t\t<div id=\"team\"  data-column-margin=\"default\" data-midnight=\"dark\"  class=\"wpb_row vc_row-fluid vc_row full-width-content vc_row-o-equal-height vc_row-flex vc_row-o-content-top\"  style=\"padding-top: 0px; padding-bottom: 0px; \"><div class=\"row-bg-wrap\" data-bg-animation=\"none\" data-bg-animation-delay=\"\" data-bg-overlay=\"false\"><div class=\"inner-wrap row-bg-layer\" ><div class=\"row-bg viewport-desktop using-bg-color\"  style=\"background-color: #ffffff; \"><\/div><\/div><\/div><div class=\"row_col_wrap_12 col span_12 dark left\">\n\t<div  class=\"vc_col-sm-4 wpb_column column_container vc_column_container col no-extra-padding inherit_tablet inherit_phone\"  data-padding-pos=\"all\" data-has-bg-color=\"false\" data-bg-color=\"\" data-bg-opacity=\"1\" data-animation=\"\" data-delay=\"0\" >\n\t\t<div class=\"vc_column-inner\" >\n\t\t\t<div class=\"wpb_wrapper\">\n\t\t\t\t<div class=\"team-member\" data-style=\"meta_overlaid_alt\"><div class=\"team-member-overlay\"><\/div><a href=\"https:\/\/www.instagram.com\/sofiadippm\/\" ><\/a> <div class=\"team-member-image\" style=\"background-image: url(https:\/\/colectivoamericana.com\/wp-content\/uploads\/2025\/06\/sofia-1-600x403.jpg);\"><\/div><div class=\"team-meta\"><h3>Sofia Dipp<\/h3><p>Influencer<p><\/div><\/div>\n\t\t\t<\/div> \n\t\t<\/div>\n\t<\/div> \n\n\t<div  class=\"vc_col-sm-4 wpb_column column_container vc_column_container col no-extra-padding inherit_tablet inherit_phone\"  data-padding-pos=\"all\" data-has-bg-color=\"false\" data-bg-color=\"\" data-bg-opacity=\"1\" data-animation=\"\" data-delay=\"0\" >\n\t\t<div class=\"vc_column-inner\" >\n\t\t\t<div class=\"wpb_wrapper\">\n\t\t\t\t<div class=\"team-member\" data-style=\"meta_overlaid_alt\"><div class=\"team-member-overlay\"><\/div><a href=\"https:\/\/www.instagram.com\/elescoronel\/\" ><\/a> <div class=\"team-member-image\" style=\"background-image: url(https:\/\/colectivoamericana.com\/wp-content\/uploads\/2025\/07\/coronel-436x403.png);\"><\/div><div class=\"team-meta\"><h3>Coronel<\/h3><p>Artista Multidisciplinario<p><\/div><\/div>\n\t\t\t<\/div> \n\t\t<\/div>\n\t<\/div> \n\n\t<div  class=\"vc_col-sm-4 wpb_column column_container vc_column_container col no-extra-padding inherit_tablet inherit_phone\"  data-padding-pos=\"all\" data-has-bg-color=\"false\" data-bg-color=\"\" data-bg-opacity=\"1\" data-animation=\"\" data-delay=\"0\" >\n\t\t<div class=\"vc_column-inner\" >\n\t\t\t<div class=\"wpb_wrapper\">\n\t\t\t\t<div class=\"team-member\" data-style=\"meta_overlaid_alt\"><div class=\"team-member-overlay\"><\/div><a href=\"https:\/\/www.instagram.com\/sadek_reynolds\/\" ><\/a> <div class=\"team-member-image\" style=\"background-image: url(https:\/\/colectivoamericana.com\/wp-content\/uploads\/2025\/08\/Sadek-Reynolds-600x403.jpg);\"><\/div><div class=\"team-meta\"><h3>Sadek Reynolds<\/h3><p>Artista Pl\u00e1stico<p><\/div><\/div>\n\t\t\t<\/div> \n\t\t<\/div>\n\t<\/div> \n<\/div><\/div>\n\t\t<div id=\"fws_6a04c45dcc497\"  data-column-margin=\"default\" data-midnight=\"dark\"  class=\"wpb_row vc_row-fluid vc_row full-width-content vc_row-o-equal-height vc_row-flex vc_row-o-content-top\"  style=\"padding-top: 0px; padding-bottom: 0px; \"><div class=\"row-bg-wrap\" data-bg-animation=\"none\" data-bg-animation-delay=\"\" data-bg-overlay=\"false\"><div class=\"inner-wrap row-bg-layer\" ><div class=\"row-bg viewport-desktop using-bg-color\"  style=\"background-color: #ffffff; \"><\/div><\/div><\/div><div class=\"row_col_wrap_12 col span_12 dark left\">\n\t<div  class=\"vc_col-sm-4 wpb_column column_container vc_column_container col no-extra-padding inherit_tablet inherit_phone\"  data-padding-pos=\"all\" data-has-bg-color=\"false\" data-bg-color=\"\" data-bg-opacity=\"1\" data-animation=\"\" data-delay=\"0\" >\n\t\t<div class=\"vc_column-inner\" >\n\t\t\t<div class=\"wpb_wrapper\">\n\t\t\t\t<div class=\"team-member\" data-style=\"meta_overlaid_alt\"><div class=\"team-member-overlay\"><\/div><div class=\"team-member-image\" style=\"background-image: url(https:\/\/colectivoamericana.com\/wp-content\/uploads\/2025\/07\/placeholder1-600x403.png);\"><\/div><div class=\"team-meta\"><h3>Ricardo Gopard<\/h3><p><p><\/div><\/div>\n\t\t\t<\/div> \n\t\t<\/div>\n\t<\/div> \n\n\t<div  class=\"vc_col-sm-4 wpb_column column_container vc_column_container col no-extra-padding inherit_tablet inherit_phone\"  data-padding-pos=\"all\" data-has-bg-color=\"false\" data-bg-color=\"\" data-bg-opacity=\"1\" data-animation=\"\" data-delay=\"0\" >\n\t\t<div class=\"vc_column-inner\" >\n\t\t\t<div class=\"wpb_wrapper\">\n\t\t\t\t<div class=\"team-member\" data-style=\"meta_overlaid_alt\"><div class=\"team-member-overlay\"><\/div><div class=\"team-member-image\" style=\"background-image: url(https:\/\/colectivoamericana.com\/wp-content\/uploads\/2025\/08\/Valeria-Bross-480x403.jpg);\"><\/div><div class=\"team-meta\"><h3>Valeria Bross<\/h3><p>Photography<p><\/div><\/div>\n\t\t\t<\/div> \n\t\t<\/div>\n\t<\/div> \n\n\t<div  class=\"vc_col-sm-4 wpb_column column_container vc_column_container col no-extra-padding inherit_tablet inherit_phone\"  data-padding-pos=\"all\" data-has-bg-color=\"false\" data-bg-color=\"\" data-bg-opacity=\"1\" data-animation=\"\" data-delay=\"0\" >\n\t\t<div class=\"vc_column-inner\" >\n\t\t\t<div class=\"wpb_wrapper\">\n\t\t\t\t<div class=\"team-member\" data-style=\"meta_overlaid_alt\"><div class=\"team-member-overlay\"><\/div><a href=\"https:\/\/www.instagram.com\/santiag0baeza\/\" ><\/a> <div class=\"team-member-image\" style=\"background-image: url(https:\/\/colectivoamericana.com\/wp-content\/uploads\/2025\/07\/baeza-436x403.png);\"><\/div><div class=\"team-meta\"><h3>Santiago Baeza<\/h3><p>Escultor<p><\/div><\/div>\n\t\t\t<\/div> \n\t\t<\/div>\n\t<\/div> \n<\/div><\/div>\n\t\t<div id=\"fws_6a04c45dcde45\"  data-column-margin=\"default\" data-midnight=\"dark\"  class=\"wpb_row vc_row-fluid vc_row full-width-content vc_row-o-equal-height vc_row-flex vc_row-o-content-top\"  style=\"padding-top: 0px; padding-bottom: 0px; \"><div class=\"row-bg-wrap\" data-bg-animation=\"none\" data-bg-animation-delay=\"\" data-bg-overlay=\"false\"><div class=\"inner-wrap row-bg-layer\" ><div class=\"row-bg viewport-desktop using-bg-color\"  style=\"background-color: #ffffff; \"><\/div><\/div><\/div><div class=\"row_col_wrap_12 col span_12 dark left\">\n\t<div  class=\"vc_col-sm-4 wpb_column column_container vc_column_container col no-extra-padding inherit_tablet inherit_phone\"  data-padding-pos=\"all\" data-has-bg-color=\"false\" data-bg-color=\"\" data-bg-opacity=\"1\" data-animation=\"\" data-delay=\"0\" >\n\t\t<div class=\"vc_column-inner\" >\n\t\t\t<div class=\"wpb_wrapper\">\n\t\t\t\t<div class=\"team-member\" data-style=\"meta_overlaid_alt\"><div class=\"team-member-overlay\"><\/div><div class=\"team-member-image\" style=\"background-image: url(https:\/\/colectivoamericana.com\/wp-content\/uploads\/2025\/07\/placeholder5-600x403.png);\"><\/div><div class=\"team-meta\"><h3>Aldo Lopez<\/h3><p>...<p><\/div><\/div>\n\t\t\t<\/div> \n\t\t<\/div>\n\t<\/div> \n\n\t<div  class=\"vc_col-sm-4 wpb_column column_container vc_column_container col no-extra-padding inherit_tablet inherit_phone\"  data-padding-pos=\"all\" data-has-bg-color=\"false\" data-bg-color=\"\" data-bg-opacity=\"1\" data-animation=\"\" data-delay=\"0\" >\n\t\t<div class=\"vc_column-inner\" >\n\t\t\t<div class=\"wpb_wrapper\">\n\t\t\t\t<div class=\"team-member\" data-style=\"meta_overlaid_alt\"><div class=\"team-member-overlay\"><\/div><a href=\"https:\/\/www.instagram.com\/ricardoluevanos\/\" ><\/a> <div class=\"team-member-image\" style=\"background-image: url(https:\/\/colectivoamericana.com\/wp-content\/uploads\/2025\/07\/luevanos-436x403.png);\"><\/div><div class=\"team-meta\"><h3>Ricardo Luevanos<\/h3><p>Ilustrador<p><\/div><\/div>\n\t\t\t<\/div> \n\t\t<\/div>\n\t<\/div> \n\n\t<div  class=\"vc_col-sm-4 wpb_column column_container vc_column_container col no-extra-padding inherit_tablet inherit_phone\"  data-padding-pos=\"all\" data-has-bg-color=\"false\" data-bg-color=\"\" data-bg-opacity=\"1\" data-animation=\"\" data-delay=\"0\" >\n\t\t<div class=\"vc_column-inner\" >\n\t\t\t<div class=\"wpb_wrapper\">\n\t\t\t\t<div class=\"team-member\" data-style=\"meta_overlaid_alt\"><div class=\"team-member-overlay\"><\/div><a href=\"https:\/\/www.instagram.com\/santiag0baeza\/\" ><\/a> <div class=\"team-member-image\" style=\"background-image: url(https:\/\/colectivoamericana.com\/wp-content\/uploads\/2025\/08\/Daniel-Neufeld-600x403.jpg);\"><\/div><div class=\"team-meta\"><h3>Daniel Neufeld<\/h3><p>Artista Pl\u00e1stico<p><\/div><\/div>\n\t\t\t<\/div> \n\t\t<\/div>\n\t<\/div> \n<\/div><\/div>\n\t\t<div id=\"fws_6a04c45dcf7ac\"  data-column-margin=\"default\" data-midnight=\"dark\"  class=\"wpb_row vc_row-fluid vc_row full-width-content vc_row-o-equal-height vc_row-flex vc_row-o-content-top\"  style=\"padding-top: 0px; padding-bottom: 0px; \"><div class=\"row-bg-wrap\" data-bg-animation=\"none\" data-bg-animation-delay=\"\" data-bg-overlay=\"false\"><div class=\"inner-wrap row-bg-layer\" ><div class=\"row-bg viewport-desktop using-bg-color\"  style=\"background-color: #ffffff; \"><\/div><\/div><\/div><div class=\"row_col_wrap_12 col span_12 dark left\">\n\t<div  class=\"vc_col-sm-4 wpb_column column_container vc_column_container col no-extra-padding inherit_tablet inherit_phone\"  data-padding-pos=\"all\" data-has-bg-color=\"false\" data-bg-color=\"\" data-bg-opacity=\"1\" data-animation=\"\" data-delay=\"0\" >\n\t\t<div class=\"vc_column-inner\" >\n\t\t\t<div class=\"wpb_wrapper\">\n\t\t\t\t<div class=\"team-member\" data-style=\"meta_overlaid_alt\"><div class=\"team-member-overlay\"><\/div><a href=\"https:\/\/www.instagram.com\/juanbarragann\/\" ><\/a> <div class=\"team-member-image\" style=\"background-image: url(https:\/\/colectivoamericana.com\/wp-content\/uploads\/2025\/07\/barragan-436x403.png);\"><\/div><div class=\"team-meta\"><h3>Juan Barrag\u00e1n<\/h3><p>Artista Pl\u00e1stico<p><\/div><\/div>\n\t\t\t<\/div> \n\t\t<\/div>\n\t<\/div> \n\n\t<div  class=\"vc_col-sm-4 wpb_column column_container vc_column_container col no-extra-padding inherit_tablet inherit_phone\"  data-padding-pos=\"all\" data-has-bg-color=\"false\" data-bg-color=\"\" data-bg-opacity=\"1\" data-animation=\"\" data-delay=\"0\" >\n\t\t<div class=\"vc_column-inner\" >\n\t\t\t<div class=\"wpb_wrapper\">\n\t\t\t\t<div class=\"team-member\" data-style=\"meta_overlaid_alt\"><div class=\"team-member-overlay\"><\/div><div class=\"team-member-image\" style=\"background-image: url(https:\/\/colectivoamericana.com\/wp-content\/uploads\/2025\/07\/placeholder7-600x403.png);\"><\/div><div class=\"team-meta\"><h3>Sinergia<\/h3><p><p><\/div><\/div>\n\t\t\t<\/div> \n\t\t<\/div>\n\t<\/div> \n\n\t<div  class=\"vc_col-sm-4 wpb_column column_container vc_column_container col no-extra-padding inherit_tablet inherit_phone\"  data-padding-pos=\"all\" data-has-bg-color=\"false\" data-bg-color=\"\" data-bg-opacity=\"1\" data-animation=\"\" data-delay=\"0\" >\n\t\t<div class=\"vc_column-inner\" >\n\t\t\t<div class=\"wpb_wrapper\">\n\t\t\t\t<div class=\"team-member\" data-style=\"meta_overlaid_alt\"><div class=\"team-member-overlay\"><\/div><div class=\"team-member-image\" style=\"background-image: url(https:\/\/colectivoamericana.com\/wp-content\/uploads\/2025\/07\/placeholder6-600x403.png);\"><\/div><div class=\"team-meta\"><h3>Juan Carlos Romero<\/h3><p><p><\/div><\/div>\n\t\t\t<\/div> \n\t\t<\/div>\n\t<\/div> \n<\/div><\/div>\n\t\t<div id=\"fws_6a04c45dd125e\"  data-column-margin=\"default\" data-midnight=\"dark\"  class=\"wpb_row vc_row-fluid vc_row full-width-content vc_row-o-equal-height vc_row-flex vc_row-o-content-top\"  style=\"padding-top: 0px; padding-bottom: 0px; \"><div class=\"row-bg-wrap\" data-bg-animation=\"none\" data-bg-animation-delay=\"\" data-bg-overlay=\"false\"><div class=\"inner-wrap row-bg-layer\" ><div class=\"row-bg viewport-desktop using-bg-color\"  style=\"background-color: #ffffff; \"><\/div><\/div><\/div><div class=\"row_col_wrap_12 col span_12 dark left\">\n\t<div  class=\"vc_col-sm-4 wpb_column column_container vc_column_container col no-extra-padding inherit_tablet inherit_phone\"  data-padding-pos=\"all\" data-has-bg-color=\"false\" data-bg-color=\"\" data-bg-opacity=\"1\" data-animation=\"\" data-delay=\"0\" >\n\t\t<div class=\"vc_column-inner\" >\n\t\t\t<div class=\"wpb_wrapper\">\n\t\t\t\t<div class=\"team-member\" data-style=\"meta_overlaid_alt\"><div class=\"team-member-overlay\"><\/div><a href=\"https:\/\/www.instagram.com\/sofiabyttebier\/\" ><\/a> <div class=\"team-member-image\" style=\"background-image: url(https:\/\/colectivoamericana.com\/wp-content\/uploads\/2025\/08\/Sofia-Byttebier-600x403.jpg);\"><\/div><div class=\"team-meta\"><h3>Sofia Byttebier<\/h3><p>Artista Contemporaneo<p><\/div><\/div>\n\t\t\t<\/div> \n\t\t<\/div>\n\t<\/div> \n\n\t<div  class=\"vc_col-sm-4 wpb_column column_container vc_column_container col no-extra-padding inherit_tablet inherit_phone\"  data-padding-pos=\"all\" data-has-bg-color=\"false\" data-bg-color=\"\" data-bg-opacity=\"1\" data-animation=\"\" data-delay=\"0\" >\n\t\t<div class=\"vc_column-inner\" >\n\t\t\t<div class=\"wpb_wrapper\">\n\t\t\t\t<div class=\"team-member\" data-style=\"meta_overlaid_alt\"><div class=\"team-member-overlay\"><\/div><div class=\"team-member-image\" style=\"background-image: url(https:\/\/colectivoamericana.com\/wp-content\/uploads\/2025\/08\/Michelle-Lopez-600x403.jpg);\"><\/div><div class=\"team-meta\"><h3>Michelle Lopez<\/h3><p>Artista Multidisciplinario<p><\/div><\/div>\n\t\t\t<\/div> \n\t\t<\/div>\n\t<\/div> \n\n\t<div  class=\"vc_col-sm-4 wpb_column column_container vc_column_container col no-extra-padding inherit_tablet inherit_phone\"  data-padding-pos=\"all\" data-has-bg-color=\"false\" data-bg-color=\"\" data-bg-opacity=\"1\" data-animation=\"\" data-delay=\"0\" >\n\t\t<div class=\"vc_column-inner\" >\n\t\t\t<div class=\"wpb_wrapper\">\n\t\t\t\t<div class=\"team-member\" data-style=\"meta_overlaid_alt\"><div class=\"team-member-overlay\"><\/div><a href=\"https:\/\/www.instagram.com\/andres_rodriguez_art\/?hl=en\" ><\/a> <div class=\"team-member-image\" style=\"background-image: url(https:\/\/colectivoamericana.com\/wp-content\/uploads\/2025\/07\/Screenshot-2025-07-17-at-19.47.59-600x403.png);\"><\/div><div class=\"team-meta\"><h3>Andr\u00e9s Rodr\u00edguez V<\/h3><p>Ilustrador<p><\/div><\/div>\n\t\t\t<\/div> \n\t\t<\/div>\n\t<\/div> \n<\/div><\/div>\n\t\t<div id=\"fws_6a04c45dd2eda\"  data-column-margin=\"default\" data-midnight=\"dark\"  class=\"wpb_row vc_row-fluid vc_row full-width-content vc_row-o-equal-height vc_row-flex vc_row-o-content-top\"  style=\"padding-top: 0px; padding-bottom: 0px; \"><div class=\"row-bg-wrap\" data-bg-animation=\"none\" data-bg-animation-delay=\"\" data-bg-overlay=\"false\"><div class=\"inner-wrap row-bg-layer\" ><div class=\"row-bg viewport-desktop using-bg-color\"  style=\"background-color: #ffffff; \"><\/div><\/div><\/div><div class=\"row_col_wrap_12 col span_12 dark left\">\n\t<div  class=\"vc_col-sm-4 wpb_column column_container vc_column_container col no-extra-padding inherit_tablet inherit_phone\"  data-padding-pos=\"all\" data-has-bg-color=\"false\" data-bg-color=\"\" data-bg-opacity=\"1\" data-animation=\"\" data-delay=\"0\" >\n\t\t<div class=\"vc_column-inner\" >\n\t\t\t<div class=\"wpb_wrapper\">\n\t\t\t\t<div class=\"team-member\" data-style=\"meta_overlaid_alt\"><div class=\"team-member-overlay\"><\/div><a href=\"https:\/\/www.instagram.com\/tonysosam\/\" ><\/a> <div class=\"team-member-image\" style=\"background-image: url(https:\/\/colectivoamericana.com\/wp-content\/uploads\/2025\/07\/Screenshot-2025-07-17-at-19.45.38-509x403.png);\"><\/div><div class=\"team-meta\"><h3>Tony Sosa<\/h3><p>Artista Pl\u00e1stico<p><\/div><\/div>\n\t\t\t<\/div> \n\t\t<\/div>\n\t<\/div> \n\n\t<div  class=\"vc_col-sm-4 wpb_column column_container vc_column_container col no-extra-padding inherit_tablet inherit_phone\"  data-padding-pos=\"all\" data-has-bg-color=\"false\" data-bg-color=\"\" data-bg-opacity=\"1\" data-animation=\"\" data-delay=\"0\" >\n\t\t<div class=\"vc_column-inner\" >\n\t\t\t<div class=\"wpb_wrapper\">\n\t\t\t\t<div class=\"team-member\" data-style=\"meta_overlaid_alt\"><div class=\"team-member-overlay\"><\/div><a href=\"https:\/\/www.instagram.com\/juancarlosurive\/\" ><\/a> <div class=\"team-member-image\" style=\"background-image: url(https:\/\/colectivoamericana.com\/wp-content\/uploads\/2025\/07\/Screenshot-2025-07-17-at-19.43.50.png);\"><\/div><div class=\"team-meta\"><h3>Urive<\/h3><p>Artista Multidsciplinario<p><\/div><\/div>\n\t\t\t<\/div> \n\t\t<\/div>\n\t<\/div> \n\n\t<div  class=\"vc_col-sm-4 wpb_column column_container vc_column_container col no-extra-padding inherit_tablet inherit_phone\"  data-padding-pos=\"all\" data-has-bg-color=\"false\" data-bg-color=\"\" data-bg-opacity=\"1\" data-animation=\"\" data-delay=\"0\" >\n\t\t<div class=\"vc_column-inner\" >\n\t\t\t<div class=\"wpb_wrapper\">\n\t\t\t\t<div class=\"team-member\" data-style=\"meta_overlaid_alt\"><div class=\"team-member-overlay\"><\/div><a href=\"https:\/\/www.instagram.com\/elekihobosigns\/\" ><\/a> <div class=\"team-member-image\" style=\"background-image: url(https:\/\/colectivoamericana.com\/wp-content\/uploads\/2025\/08\/eleki-Hobosigns-600x403.png);\"><\/div><div class=\"team-meta\"><h3>Eleki Hobosigns<\/h3><p>Visual Artist<p><\/div><\/div>\n\t\t\t<\/div> \n\t\t<\/div>\n\t<\/div> \n<\/div><\/div>\n\t\t<div id=\"fws_6a04c45dd4af1\"  data-column-margin=\"default\" data-midnight=\"dark\"  class=\"wpb_row vc_row-fluid vc_row full-width-content vc_row-o-equal-height vc_row-flex vc_row-o-content-top\"  style=\"padding-top: 0px; padding-bottom: 0px; \"><div class=\"row-bg-wrap\" data-bg-animation=\"none\" data-bg-animation-delay=\"\" data-bg-overlay=\"false\"><div class=\"inner-wrap row-bg-layer\" ><div class=\"row-bg viewport-desktop using-bg-color\"  style=\"background-color: #ffffff; \"><\/div><\/div><\/div><div class=\"row_col_wrap_12 col span_12 dark left\">\n\t<div  class=\"vc_col-sm-4 wpb_column column_container vc_column_container col no-extra-padding inherit_tablet inherit_phone\"  data-padding-pos=\"all\" data-has-bg-color=\"false\" data-bg-color=\"\" data-bg-opacity=\"1\" data-animation=\"\" data-delay=\"0\" >\n\t\t<div class=\"vc_column-inner\" >\n\t\t\t<div class=\"wpb_wrapper\">\n\t\t\t\t<div class=\"team-member\" data-style=\"meta_overlaid_alt\"><div class=\"team-member-overlay\"><\/div><a href=\"https:\/\/www.instagram.com\/morleghem\/\" ><\/a> <div class=\"team-member-image\" style=\"background-image: url(https:\/\/colectivoamericana.com\/wp-content\/uploads\/2025\/07\/morleghem-436x403.png);\"><\/div><div class=\"team-meta\"><h3>Robbie Morleghem<\/h3><p>Artista Pl\u00e1stico<p><\/div><\/div>\n\t\t\t<\/div> \n\t\t<\/div>\n\t<\/div> \n\n\t<div  class=\"vc_col-sm-4 wpb_column column_container vc_column_container col no-extra-padding inherit_tablet inherit_phone\"  data-padding-pos=\"all\" data-has-bg-color=\"false\" data-bg-color=\"\" data-bg-opacity=\"1\" data-animation=\"\" data-delay=\"0\" >\n\t\t<div class=\"vc_column-inner\" >\n\t\t\t<div class=\"wpb_wrapper\">\n\t\t\t\t<div class=\"team-member\" data-style=\"meta_overlaid_alt\"><div class=\"team-member-overlay\"><\/div><div class=\"team-member-image\" style=\"background-image: url(https:\/\/colectivoamericana.com\/wp-content\/uploads\/2025\/07\/placeholder4-600x403.png);\"><\/div><div class=\"team-meta\"><h3>Sergio Camarena<\/h3><p>Artista Multidisciplinario<p><\/div><\/div>\n\t\t\t<\/div> \n\t\t<\/div>\n\t<\/div> \n\n\t<div  class=\"vc_col-sm-4 wpb_column column_container vc_column_container col no-extra-padding inherit_tablet inherit_phone\"  data-padding-pos=\"all\" data-has-bg-color=\"false\" data-bg-color=\"\" data-bg-opacity=\"1\" data-animation=\"\" data-delay=\"0\" >\n\t\t<div class=\"vc_column-inner\" >\n\t\t\t<div class=\"wpb_wrapper\">\n\t\t\t\t<div class=\"team-member\" data-style=\"meta_overlaid_alt\"><div class=\"team-member-overlay\"><\/div><a href=\"https:\/\/www.instagram.com\/eden.mir\/\" target=\"_blank\"><\/a> <div class=\"team-member-image\" style=\"background-image: url(https:\/\/colectivoamericana.com\/wp-content\/uploads\/2025\/07\/edenmir-683x1024-1-600x403.jpg);\"><\/div><div class=\"team-meta\"><h3>Eden Mir<\/h3><p>Artista Pl\u00e1stico<p><\/div><\/div>\n\t\t\t<\/div> \n\t\t<\/div>\n\t<\/div> \n<\/div><\/div>","protected":false},"excerpt":{"rendered":"Colectivo Nuestra comunidad est\u00e1 formada por los integrantes que dieron origen a Colectivo Americana y siguen d\u00e1ndole forma cada d\u00eda. Una red de artistas, creativos, promotores y pensadores que co-crean,...","protected":false},"author":1,"featured_media":0,"parent":0,"menu_order":0,"comment_status":"closed","ping_status":"closed","template":"","meta":{"footnotes":""},"class_list":["post-40","page","type-page","status-publish"],"_links":{"self":[{"href":"https:\/\/colectivoamericana.com\/en\/wp-json\/wp\/v2\/pages\/40","targetHints":{"allow":["GET"]}}],"collection":[{"href":"https:\/\/colectivoamericana.com\/en\/wp-json\/wp\/v2\/pages"}],"about":[{"href":"https:\/\/colectivoamericana.com\/en\/wp-json\/wp\/v2\/types\/page"}],"author":[{"embeddable":true,"href":"https:\/\/colectivoamericana.com\/en\/wp-json\/wp\/v2\/users\/1"}],"replies":[{"embeddable":true,"href":"https:\/\/colectivoamericana.com\/en\/wp-json\/wp\/v2\/comments?post=40"}],"version-history":[{"count":10,"href":"https:\/\/colectivoamericana.com\/en\/wp-json\/wp\/v2\/pages\/40\/revisions"}],"predecessor-version":[{"id":1057,"href":"https:\/\/colectivoamericana.com\/en\/wp-json\/wp\/v2\/pages\/40\/revisions\/1057"}],"wp:attachment":[{"href":"https:\/\/colectivoamericana.com\/en\/wp-json\/wp\/v2\/media?parent=40"}],"curies":[{"name":"wp","href":"https:\/\/api.w.org\/{rel}","templated":true}]}}